{"id":2067,"date":"2022-06-05T17:13:31","date_gmt":"2022-06-05T16:13:31","guid":{"rendered":"https:\/\/eingal.es\/?page_id=2067"},"modified":"2022-06-08T10:33:51","modified_gmt":"2022-06-08T09:33:51","slug":"aviso-legal","status":"publish","type":"page","link":"https:\/\/eingal.es\/gl\/aviso-legal\/","title":{"rendered":"Aviso legal"},"content":{"rendered":"<div data-elementor-type=\"wp-page\" data-elementor-id=\"2067\" class=\"elementor elementor-2067\" data-elementor-settings=\"{&quot;ha_cmc_init_switcher&quot;:&quot;no&quot;}\">\n\t\t\t\t\t\t<section class=\"elementor-section elementor-top-section elementor-element elementor-element-47aae04 elementor-section-boxed elementor-section-height-default elementor-section-height-default\" data-id=\"47aae04\" data-element_type=\"section\" data-e-type=\"section\" data-settings=\"{&quot;_ha_eqh_enable&quot;:false}\">\n\t\t\t\t\t\t<div class=\"elementor-container elementor-column-gap-default\">\n\t\t\t\t\t<div class=\"elementor-column elementor-col-100 elementor-top-column elementor-element elementor-element-900c878\" data-id=\"900c878\" data-element_type=\"column\" data-e-type=\"column\">\n\t\t\t<div class=\"elementor-widget-wrap elementor-element-populated\">\n\t\t\t\t\t\t<div class=\"elementor-element elementor-element-2d753c0 elementor-widget elementor-widget-heading\" data-id=\"2d753c0\" data-element_type=\"widget\" data-e-type=\"widget\" data-widget_type=\"heading.default\">\n\t\t\t\t<div class=\"elementor-widget-container\">\n\t\t\t\t\t<h2 class=\"elementor-heading-title elementor-size-default\">Aviso legal<\/h2>\t\t\t\t<\/div>\n\t\t\t\t<\/div>\n\t\t\t\t\t<\/div>\n\t\t<\/div>\n\t\t\t\t\t<\/div>\n\t\t<\/section>\n\t\t\t\t<section class=\"elementor-section elementor-top-section elementor-element elementor-element-aea5032 elementor-section-full_width elementor-section-height-default elementor-section-height-default\" data-id=\"aea5032\" data-element_type=\"section\" data-e-type=\"section\" data-settings=\"{&quot;_ha_eqh_enable&quot;:false}\">\n\t\t\t\t\t\t<div class=\"elementor-container elementor-column-gap-no\">\n\t\t\t\t\t<div class=\"elementor-column elementor-col-100 elementor-top-column elementor-element elementor-element-cb6dbc8\" data-id=\"cb6dbc8\" data-element_type=\"column\" data-e-type=\"column\">\n\t\t\t<div class=\"elementor-widget-wrap elementor-element-populated\">\n\t\t\t\t\t\t<div class=\"elementor-element elementor-element-e2af51e elementor-widget__width-inherit elementor-widget elementor-widget-text-editor\" data-id=\"e2af51e\" data-element_type=\"widget\" data-e-type=\"widget\" data-widget_type=\"text-editor.default\">\n\t\t\t\t<div class=\"elementor-widget-container\">\n\t\t\t\t\t\t\t\t\t<h3 style=\"font-style: normal;\"><span style=\"font-weight: 400; font-size: 16px; font-style: inherit; color: #383838; font-family: 'Open Sans Hebrew', sans-serif; background-color: rgba(2, 1, 1, 0);\">Carlos Mart\u00edn L\u00f3pez es el responsable del sitio web conocido en adelante como Eingal y pone a disposici\u00f3n de los usuarios el presente documento. Con \u00e9l se pretende dar cumplimiento a las obligaciones dispuestas en la Ley 34\/2002, de 11 de julio, de Servicios de la Sociedad de la Informaci\u00f3n y del Comercio Electr\u00f3nico (LSSICE), as\u00ed como informar a todos los usuarios del sitio web cu\u00e1les son las condiciones de uso.<\/span><\/h3><p><span style=\"font-weight: 400;\">Toda persona que acceda a este sitio web asume el papel de usuario, comprometi\u00e9ndose a la observancia y cumplimiento riguroso de las disposiciones aqu\u00ed dispuestas, as\u00ed como a cualquier otra disposici\u00f3n legal que fuera de aplicaci\u00f3n.\u00a0<\/span><\/p><p><span style=\"font-weight: 400;\">Eingal\u00a0se reserva el derecho de modificar cualquier tipo de informaci\u00f3n que pudiera aparecer en el sitio web, sin que exista obligaci\u00f3n de preavisar o poner en conocimiento de los usuarios dichas obligaciones, entendi\u00e9ndose como suficiente con la publicaci\u00f3n en el sitio web de\u00a0Eingal.<\/span><\/p><h3>Datos identificativos<\/h3><h3><span style=\"font-weight: 400; font-size: 16px; font-style: inherit; color: #383838; font-family: 'Open Sans Hebrew', sans-serif; background-color: rgba(2, 1, 1, 0);\">Denominaci\u00f3n social:\u00a0Carlos Mart\u00edn L\u00f3pez<\/span><\/h3><p><span style=\"font-weight: 400;\">Nombre comercial:\u00a0Eingal<\/span><span style=\"font-weight: 400;\"><br \/><\/span><span style=\"font-weight: 400;\">C.I.F.: 36164336X\u00a0<\/span><\/p><p><span style=\"font-weight: 400;\">Domicilio:\u00a0Su. a Madroa 51, 6A, C.P. 36317 Vigo- Pontevedra.<\/span><span style=\"font-weight: 400;\"><br \/><\/span><span style=\"font-weight: 400;\">e-mail:\u00a0info@eingal.es<\/span><\/p><h3>Objeto<\/h3><p><span style=\"font-weight: 400;\">El presente aviso legal regula el uso del sitio web <\/span><a href=\"https:\/\/eingal.es\/gl\/\"><span style=\"font-weight: 400;\">eingal.es<\/span><\/a><span style=\"font-weight: 400;\">, cuya titularidad es de Carlos Mart\u00edn L\u00f3pez.<\/span><\/p><h3>Privacidad y tratamiento de datos<\/h3><p><span style=\"font-weight: 400;\">Cuando para el acceso a determinados contenidos o servicios sea necesario facilitar datos de car\u00e1cter personal, los usuarios garantizar\u00e1n su veracidad, exactitud, autenticidad y vigencia. La empresa dar\u00e1 a dichos datos el tratamiento automatizado que corresponda en funci\u00f3n de su naturaleza o finalidad, en los t\u00e9rminos indicados en la secci\u00f3n de <a href=\"https:\/\/eingal.es\/gl\/politica-privacidad\/\">Pol\u00edtica de Privacidad<\/a>.<\/span><span style=\"font-weight: 400;\"><br \/><\/span><\/p><h3>Obligaciones y responsabilidades\u00a0<\/h3><p><span style=\"font-weight: 400;\">La navegaci\u00f3n por este sitio web atribuye la condici\u00f3n de usuario del mismo a quien acceda e implica la aceptaci\u00f3n plena y sin reservas de todas y cada una de las disposiciones incluidas en este Aviso Legal, que pueden sufrir modificaciones. El sitio web y sus servicios son de acceso libre y gratuito, no obstante, el responsable de la web condiciona la utilizaci\u00f3n de algunos de los servicios ofrecidos en su web a la previa cumplimentaci\u00f3n del correspondiente formulario.<\/span><\/p><p><span style=\"font-weight: 400;\">El usuario reconoce y acepta que todos los contenidos que se muestran en este espacio web y en especial, dise\u00f1os, textos, im\u00e1genes, logos, iconos, botones, software, c\u00f3digo HTML, nombres comerciales, marcas, o cualesquiera otros signos susceptibles de utilizaci\u00f3n industrial y\/o comercial est\u00e1n sujetos a derechos de Propiedad Intelectual y todas las marcas, nombres comerciales o signos distintivos, todos los derechos de propiedad industrial e intelectual, sobre los contenidos y\/o cualesquiera otros elementos insertados en el p\u00e1gina, que son propiedad exclusiva de la empresa y\/o de terceros, quienes tienen el derecho exclusivo de utilizarlos en el tr\u00e1fico econ\u00f3mico. Por todo ello el usuario se compromete a no reproducir, copiar, distribuir, poner a disposici\u00f3n o de cualquier otra forma comunicar p\u00fablicamente, transformar o modificar tales contenidos manteniendo indemne a la empresa de cualquier reclamaci\u00f3n que se derive del incumplimiento de tales obligaciones.\u00a0<\/span><\/p><p><span style=\"font-weight: 400;\">Asimismo, queda prohibido suprimir, eludir y\/o manipular el \u00abcopyright\u00bb as\u00ed como los dispositivos t\u00e9cnicos de protecci\u00f3n, o cualesquiera mecanismos de informaci\u00f3n que pudieren contener los contenidos. El usuario de este espacio web se compromete a respetar los derechos enunciados y a evitar cualquier actuaci\u00f3n que pudiera perjudicarlos, reserv\u00e1ndose en todo caso la empresa el ejercicio de cuantos medios o acciones legales le correspondan en defensa de sus leg\u00edtimos derechos de propiedad intelectual e industrial.<\/span><\/p><p><span style=\"font-weight: 400;\">No se garantiza el acceso continuado, ni la correcta visualizaci\u00f3n, descarga o utilidad de los elementos e informaciones contenidas en la web que puedan verse impedidos, dificultados o interrumpidos por factores o circunstancias que est\u00e1n fuera de su control. No se hace responsable de las decisiones que pudieran adoptarse como consecuencia del acceso a los contenidos o informaciones ofrecidas.<\/span><\/p><p><span style=\"font-weight: 400;\">La empresa excluye cualquier responsabilidad por los da\u00f1os y perjuicios de toda naturaleza que pudieran deberse a la mala utilizaci\u00f3n de los servicios de libre disposici\u00f3n y uso por parte de los usuarios de este espacio web.<\/span><span style=\"font-weight: 400;\"><br \/><\/span><\/p><h3>Hiperv\u00ednculos<\/h3><p><span style=\"font-weight: 400;\">El usuario se obliga a no reproducir de ning\u00fan modo, ni siquiera mediante un hiperenlace o hiperv\u00ednculo, el espacio web, as\u00ed como ninguno de sus contenidos, salvo autorizaci\u00f3n expresa y <\/span><span style=\"font-weight: 400;\">por escrito del responsable del fichero.<\/span><\/p><p><span style=\"font-weight: 400;\">El espacio web puede incluir enlaces a otros espacios web, gestionados por terceros, con objeto de facilitar el acceso del usuario a la informaci\u00f3n de empresas colaboradoras y\/o patrocinadoras. Conforme con ello, la sociedad no se responsabiliza del contenido de dichos espacios web, ni se sit\u00faa en una posici\u00f3n de garante ni\/o de parte ofertante de los servicios y\/o informaci\u00f3n que se puedan ofrecer a terceros a trav\u00e9s de los enlaces de terceros.<\/span><\/p><p><span style=\"font-weight: 400;\">La empresa no puede controlar la informaci\u00f3n, contenidos, productos o servicios facilitados por otros espacios web que tengan establecidos enlaces con destino a <a href=\"http:\/\/eingal.es\/gl\/\">eingal.es<\/a>.<\/span><\/p><h3>Protecci\u00f3n de datos<\/h3><p><span style=\"font-weight: 400;\">Para utilizar algunos de los Servicios, el usuario debe proporcionar previamente ciertos datos de car\u00e1cter personal. La empresa tratar\u00e1 automatizadamente estos datos y aplicar\u00e1 las correspondientes medidas de seguridad, todo ello en cumplimiento del RGPD, LOPDGDD y LSSI. El Usuario puede acceder a la pol\u00edtica seguida en el tratamiento de los datos personales, as\u00ed como el establecimiento de las finalidades previamente establecidas, en las condiciones definidas en la Pol\u00edtica de Privacidad.<\/span><\/p><h3>Cookies<\/h3><p><span style=\"font-weight: 400;\">La empresa se reserva el derecho de utilizar la tecnolog\u00eda \u201ccookie\u201d en este espacio web, a fin de reconocerlo como usuario frecuente y personalizar el uso que realice de la web de Eingal mediante la preselecci\u00f3n de su idioma, o contenidos m\u00e1s deseados o espec\u00edficos. Tambi\u00e9n se emplean cookies con fines estad\u00edsticos sobre el uso que se realiza del sitio web.<\/span><\/p><h3>Resoluci\u00f3n de controversias. Ley aplicable y jurisdicci\u00f3n<\/h3><p><span style=\"font-weight: 400;\">Las presentes Condiciones Generales de Uso, as\u00ed como el uso del espacio web, se regir\u00e1n por la legislaci\u00f3n espa\u00f1ola. Para la resoluci\u00f3n de cualquier controversia las partes se someter\u00e1n a los Juzgados y Tribunales del domicilio social del Responsable del sitio web.<\/span><\/p>\t\t\t\t\t\t\t\t<\/div>\n\t\t\t\t<\/div>\n\t\t\t\t\t<\/div>\n\t\t<\/div>\n\t\t\t\t\t<\/div>\n\t\t<\/section>\n\t\t\t\t<\/div>","protected":false},"excerpt":{"rendered":"<p>Aviso legal Carlos Mart\u00edn L\u00f3pez es el responsable del sitio web conocido en adelante como Eingal y pone a disposici\u00f3n de los usuarios el presente documento. Con \u00e9l se pretende dar cumplimiento a las obligaciones dispuestas en la Ley 34\/2002, de 11 de julio, de Servicios de la Sociedad de la Informaci\u00f3n y del Comercio [&hellip;]<\/p>\n","protected":false},"author":2,"featured_media":0,"parent":0,"menu_order":6,"comment_status":"closed","ping_status":"closed","template":"elementor_header_footer","meta":{"_monsterinsights_skip_tracking":false,"_monsterinsights_sitenote_active":false,"_monsterinsights_sitenote_note":"","_monsterinsights_sitenote_category":0,"site-sidebar-layout":"no-sidebar","site-content-layout":"page-builder","ast-site-content-layout":"default","site-content-style":"default","site-sidebar-style":"default","ast-global-header-display":"","ast-banner-title-visibility":"","ast-main-header-display":"","ast-hfb-above-header-display":"","ast-hfb-below-header-display":"","ast-hfb-mobile-header-display":"","site-post-title":"disabled","ast-breadcrumbs-content":"","ast-featured-img":"disabled","footer-sml-layout":"","ast-disable-related-posts":"","theme-transparent-header-meta":"","adv-header-id-meta":"","stick-header-meta":"","header-above-stick-meta":"","header-main-stick-meta":"","header-below-stick-meta":"","astra-migrate-meta-layouts":"default","ast-page-background-enabled":"default","ast-page-background-meta":{"desktop":{"background-color":"var(--ast-global-color-4)","background-image":"","background-repeat":"repeat","background-position":"center center","background-size":"auto","background-attachment":"scroll","background-type":"","background-media":"","overlay-type":"","overlay-color":"","overlay-opacity":"","overlay-gradient":""},"tablet":{"background-color":"","background-image":"","background-repeat":"repeat","background-position":"center center","background-size":"auto","background-attachment":"scroll","background-type":"","background-media":"","overlay-type":"","overlay-color":"","overlay-opacity":"","overlay-gradient":""},"mobile":{"background-color":"","background-image":"","background-repeat":"repeat","background-position":"center center","background-size":"auto","background-attachment":"scroll","background-type":"","background-media":"","overlay-type":"","overlay-color":"","overlay-opacity":"","overlay-gradient":""}},"ast-content-background-meta":{"desktop":{"background-color":"var(--ast-global-color-5)","background-image":"","background-repeat":"repeat","background-position":"center center","background-size":"auto","background-attachment":"scroll","background-type":"","background-media":"","overlay-type":"","overlay-color":"","overlay-opacity":"","overlay-gradient":""},"tablet":{"background-color":"var(--ast-global-color-5)","background-image":"","background-repeat":"repeat","background-position":"center center","background-size":"auto","background-attachment":"scroll","background-type":"","background-media":"","overlay-type":"","overlay-color":"","overlay-opacity":"","overlay-gradient":""},"mobile":{"background-color":"var(--ast-global-color-5)","background-image":"","background-repeat":"repeat","background-position":"center center","background-size":"auto","background-attachment":"scroll","background-type":"","background-media":"","overlay-type":"","overlay-color":"","overlay-opacity":"","overlay-gradient":""}},"footnotes":""},"class_list":["post-2067","page","type-page","status-publish","hentry"],"yoast_head":"<!-- This site is optimized with the Yoast SEO plugin v27.4 - https:\/\/yoast.com\/product\/yoast-seo-wordpress\/ -->\n<title>Aviso legal | Eingal<\/title>\n<meta name=\"description\" content=\"Informaci\u00f3n correspondiente a los t\u00e9rminos legales que derivan del acceso y uso del directorio web eingal.es\" \/>\n<meta name=\"robots\" content=\"index, follow, max-snippet:-1, max-image-preview:large, max-video-preview:-1\" \/>\n<link rel=\"canonical\" href=\"https:\/\/eingal.es\/gl\/aviso-legal\/\" \/>\n<meta property=\"og:locale\" content=\"gl_ES\" \/>\n<meta property=\"og:type\" content=\"article\" \/>\n<meta property=\"og:title\" content=\"Aviso legal | Eingal\" \/>\n<meta property=\"og:description\" content=\"Informaci\u00f3n correspondiente a los t\u00e9rminos legales que derivan del acceso y uso del directorio web eingal.es\" \/>\n<meta property=\"og:url\" content=\"https:\/\/eingal.es\/gl\/aviso-legal\/\" \/>\n<meta property=\"og:site_name\" content=\"Eingal\" \/>\n<meta property=\"article:modified_time\" content=\"2022-06-08T09:33:51+00:00\" \/>\n<meta property=\"og:image\" content=\"https:\/\/eingal.es\/wp-content\/uploads\/2022\/05\/delineacion.jpg\" \/>\n\t<meta property=\"og:image:width\" content=\"1280\" \/>\n\t<meta property=\"og:image:height\" content=\"853\" \/>\n\t<meta property=\"og:image:type\" content=\"image\/jpeg\" \/>\n<meta name=\"twitter:card\" content=\"summary_large_image\" \/>\n<meta name=\"twitter:label1\" content=\"Tempo de lectura\" \/>\n\t<meta name=\"twitter:data1\" content=\"5 minutos\" \/>\n<script type=\"application\/ld+json\" class=\"yoast-schema-graph\">{\"@context\":\"https:\\\/\\\/schema.org\",\"@graph\":[{\"@type\":\"WebPage\",\"@id\":\"https:\\\/\\\/eingal.es\\\/aviso-legal\\\/\",\"url\":\"https:\\\/\\\/eingal.es\\\/aviso-legal\\\/\",\"name\":\"Aviso legal | Eingal\",\"isPartOf\":{\"@id\":\"https:\\\/\\\/eingal.es\\\/#website\"},\"datePublished\":\"2022-06-05T16:13:31+00:00\",\"dateModified\":\"2022-06-08T09:33:51+00:00\",\"description\":\"Informaci\u00f3n correspondiente a los t\u00e9rminos legales que derivan del acceso y uso del directorio web eingal.es\",\"breadcrumb\":{\"@id\":\"https:\\\/\\\/eingal.es\\\/aviso-legal\\\/#breadcrumb\"},\"inLanguage\":\"gl-ES\",\"potentialAction\":[{\"@type\":\"ReadAction\",\"target\":[\"https:\\\/\\\/eingal.es\\\/aviso-legal\\\/\"]}]},{\"@type\":\"BreadcrumbList\",\"@id\":\"https:\\\/\\\/eingal.es\\\/aviso-legal\\\/#breadcrumb\",\"itemListElement\":[{\"@type\":\"ListItem\",\"position\":1,\"name\":\"Portada\",\"item\":\"https:\\\/\\\/eingal.es\\\/\"},{\"@type\":\"ListItem\",\"position\":2,\"name\":\"Aviso legal\"}]},{\"@type\":\"WebSite\",\"@id\":\"https:\\\/\\\/eingal.es\\\/#website\",\"url\":\"https:\\\/\\\/eingal.es\\\/\",\"name\":\"Eingal\",\"description\":\"Estudio de ingenier\u00eda de Galicia\",\"publisher\":{\"@id\":\"https:\\\/\\\/eingal.es\\\/#organization\"},\"potentialAction\":[{\"@type\":\"SearchAction\",\"target\":{\"@type\":\"EntryPoint\",\"urlTemplate\":\"https:\\\/\\\/eingal.es\\\/?s={search_term_string}\"},\"query-input\":{\"@type\":\"PropertyValueSpecification\",\"valueRequired\":true,\"valueName\":\"search_term_string\"}}],\"inLanguage\":\"gl-ES\"},{\"@type\":\"Organization\",\"@id\":\"https:\\\/\\\/eingal.es\\\/#organization\",\"name\":\"Eingal\",\"url\":\"https:\\\/\\\/eingal.es\\\/\",\"logo\":{\"@type\":\"ImageObject\",\"inLanguage\":\"gl-ES\",\"@id\":\"https:\\\/\\\/eingal.es\\\/#\\\/schema\\\/logo\\\/image\\\/\",\"url\":\"https:\\\/\\\/eingal.es\\\/wp-content\\\/uploads\\\/2022\\\/03\\\/cropped-logo-eingal.png\",\"contentUrl\":\"https:\\\/\\\/eingal.es\\\/wp-content\\\/uploads\\\/2022\\\/03\\\/cropped-logo-eingal.png\",\"width\":1272,\"height\":282,\"caption\":\"Eingal\"},\"image\":{\"@id\":\"https:\\\/\\\/eingal.es\\\/#\\\/schema\\\/logo\\\/image\\\/\"}}]}<\/script>\n<!-- \/ Yoast SEO plugin. -->","yoast_head_json":{"title":"Aviso legal | Eingal","description":"Informaci\u00f3n correspondiente a los t\u00e9rminos legales que derivan del acceso y uso del directorio web eingal.es","robots":{"index":"index","follow":"follow","max-snippet":"max-snippet:-1","max-image-preview":"max-image-preview:large","max-video-preview":"max-video-preview:-1"},"canonical":"https:\/\/eingal.es\/gl\/aviso-legal\/","og_locale":"gl_ES","og_type":"article","og_title":"Aviso legal | Eingal","og_description":"Informaci\u00f3n correspondiente a los t\u00e9rminos legales que derivan del acceso y uso del directorio web eingal.es","og_url":"https:\/\/eingal.es\/gl\/aviso-legal\/","og_site_name":"Eingal","article_modified_time":"2022-06-08T09:33:51+00:00","og_image":[{"width":1280,"height":853,"url":"https:\/\/eingal.es\/wp-content\/uploads\/2022\/05\/delineacion.jpg","type":"image\/jpeg"}],"twitter_card":"summary_large_image","twitter_misc":{"Tempo de lectura":"5 minutos"},"schema":{"@context":"https:\/\/schema.org","@graph":[{"@type":"WebPage","@id":"https:\/\/eingal.es\/aviso-legal\/","url":"https:\/\/eingal.es\/aviso-legal\/","name":"Aviso legal | Eingal","isPartOf":{"@id":"https:\/\/eingal.es\/#website"},"datePublished":"2022-06-05T16:13:31+00:00","dateModified":"2022-06-08T09:33:51+00:00","description":"Informaci\u00f3n correspondiente a los t\u00e9rminos legales que derivan del acceso y uso del directorio web eingal.es","breadcrumb":{"@id":"https:\/\/eingal.es\/aviso-legal\/#breadcrumb"},"inLanguage":"gl-ES","potentialAction":[{"@type":"ReadAction","target":["https:\/\/eingal.es\/aviso-legal\/"]}]},{"@type":"BreadcrumbList","@id":"https:\/\/eingal.es\/aviso-legal\/#breadcrumb","itemListElement":[{"@type":"ListItem","position":1,"name":"Portada","item":"https:\/\/eingal.es\/"},{"@type":"ListItem","position":2,"name":"Aviso legal"}]},{"@type":"WebSite","@id":"https:\/\/eingal.es\/#website","url":"https:\/\/eingal.es\/","name":"Eingal","description":"Estudio de ingenier\u00eda de Galicia","publisher":{"@id":"https:\/\/eingal.es\/#organization"},"potentialAction":[{"@type":"SearchAction","target":{"@type":"EntryPoint","urlTemplate":"https:\/\/eingal.es\/?s={search_term_string}"},"query-input":{"@type":"PropertyValueSpecification","valueRequired":true,"valueName":"search_term_string"}}],"inLanguage":"gl-ES"},{"@type":"Organization","@id":"https:\/\/eingal.es\/#organization","name":"Eingal","url":"https:\/\/eingal.es\/","logo":{"@type":"ImageObject","inLanguage":"gl-ES","@id":"https:\/\/eingal.es\/#\/schema\/logo\/image\/","url":"https:\/\/eingal.es\/wp-content\/uploads\/2022\/03\/cropped-logo-eingal.png","contentUrl":"https:\/\/eingal.es\/wp-content\/uploads\/2022\/03\/cropped-logo-eingal.png","width":1272,"height":282,"caption":"Eingal"},"image":{"@id":"https:\/\/eingal.es\/#\/schema\/logo\/image\/"}}]}},"_links":{"self":[{"href":"https:\/\/eingal.es\/gl\/wp-json\/wp\/v2\/pages\/2067","targetHints":{"allow":["GET"]}}],"collection":[{"href":"https:\/\/eingal.es\/gl\/wp-json\/wp\/v2\/pages"}],"about":[{"href":"https:\/\/eingal.es\/gl\/wp-json\/wp\/v2\/types\/page"}],"author":[{"embeddable":true,"href":"https:\/\/eingal.es\/gl\/wp-json\/wp\/v2\/users\/2"}],"replies":[{"embeddable":true,"href":"https:\/\/eingal.es\/gl\/wp-json\/wp\/v2\/comments?post=2067"}],"version-history":[{"count":29,"href":"https:\/\/eingal.es\/gl\/wp-json\/wp\/v2\/pages\/2067\/revisions"}],"predecessor-version":[{"id":2404,"href":"https:\/\/eingal.es\/gl\/wp-json\/wp\/v2\/pages\/2067\/revisions\/2404"}],"wp:attachment":[{"href":"https:\/\/eingal.es\/gl\/wp-json\/wp\/v2\/media?parent=2067"}],"curies":[{"name":"wp","href":"https:\/\/api.w.org\/{rel}","templated":true}]}}